{"id":113,"date":"2017-04-05T13:25:47","date_gmt":"2017-04-05T13:25:47","guid":{"rendered":"http:\/\/tim-energie.com\/?page_id=113"},"modified":"2017-04-05T13:39:24","modified_gmt":"2017-04-05T13:39:24","slug":"partenaires","status":"publish","type":"page","link":"https:\/\/tim-energie.com\/?page_id=113","title":{"rendered":"Partenaires"},"content":{"rendered":"<h1>Parmi nos partenaires privil\u00e9gi\u00e9s, nous comptons :<\/h1>\n<p>&nbsp;<\/p>\n<h4><strong>L&rsquo;Emaillerie Normande :<\/strong>\u00a0<a href=\"https:\/\/www.emaillerie-normande.com\">https:\/\/www.emaillerie-normande.com<\/a><\/h4>\n<p>pour la r\u00e9alisation d&rsquo;\u00e9chelle de niveau d&rsquo;eau en acier \u00e9maill\u00e9 et de plaques \u00e9maill\u00e9es.<\/p>\n","protected":false},"excerpt":{"rendered":"<p>Parmi nos partenaires privil\u00e9gi\u00e9s, nous comptons : &nbsp; L&rsquo;Emaillerie Normande :\u00a0https:\/\/www.emaillerie-normande.com pour la r\u00e9alisation d&rsquo;\u00e9chelle de niveau d&rsquo;eau en acier \u00e9maill\u00e9 et de plaques \u00e9maill\u00e9es.<\/p>\n","protected":false},"author":1,"featured_media":0,"parent":0,"menu_order":0,"comment_status":"closed","ping_status":"closed","template":"","meta":{"footnotes":""},"_links":{"self":[{"href":"https:\/\/tim-energie.com\/index.php?rest_route=\/wp\/v2\/pages\/113"}],"collection":[{"href":"https:\/\/tim-energie.com\/index.php?rest_route=\/wp\/v2\/pages"}],"about":[{"href":"https:\/\/tim-energie.com\/index.php?rest_route=\/wp\/v2\/types\/page"}],"author":[{"embeddable":true,"href":"https:\/\/tim-energie.com\/index.php?rest_route=\/wp\/v2\/users\/1"}],"replies":[{"embeddable":true,"href":"https:\/\/tim-energie.com\/index.php?rest_route=%2Fwp%2Fv2%2Fcomments&post=113"}],"version-history":[{"count":3,"href":"https:\/\/tim-energie.com\/index.php?rest_route=\/wp\/v2\/pages\/113\/revisions"}],"predecessor-version":[{"id":119,"href":"https:\/\/tim-energie.com\/index.php?rest_route=\/wp\/v2\/pages\/113\/revisions\/119"}],"wp:attachment":[{"href":"https:\/\/tim-energie.com\/index.php?rest_route=%2Fwp%2Fv2%2Fmedia&parent=113"}],"curies":[{"name":"wp","href":"https:\/\/api.w.org\/{rel}","templated":true}]}}