{"id":28,"date":"2017-03-18T09:39:07","date_gmt":"2017-03-18T09:39:07","guid":{"rendered":"http:\/\/tim-energie.com\/?page_id=28"},"modified":"2017-04-15T14:32:32","modified_gmt":"2017-04-15T14:32:32","slug":"industrie","status":"publish","type":"page","link":"https:\/\/tim-energie.com\/?page_id=28","title":{"rendered":"Industrie"},"content":{"rendered":"<p>Prestations propos\u00e9es pour les Syst\u00e8mes Automatis\u00e9s et Electrotechniques<\/p>\n<ul>\n<li>Ing\u00e9nierie, \u00e9tude de nouveaux syst\u00e8mes<\/li>\n<li>R\u00e9novation, modernisation, optimisation de syst\u00e8mes existants<\/li>\n<li>Mise en place de syst\u00e8mes de t\u00e9l\u00e9gestion, supervision.<\/li>\n<li>Conception \/ montage \/ c\u00e2blage de coffrets, d&rsquo;armoires, d&rsquo;\u00e9l\u00e9ments \u00e9lectro-m\u00e9caniques<\/li>\n<li>Installation \/ mise en service sur site<\/li>\n<li>Maintenance \/ d\u00e9pannage<\/li>\n<li>T\u00e9l\u00e9maintenance<\/li>\n<\/ul>\n<p>&nbsp;<\/p>\n","protected":false},"excerpt":{"rendered":"<p>Prestations propos\u00e9es pour les Syst\u00e8mes Automatis\u00e9s et Electrotechniques Ing\u00e9nierie, \u00e9tude de nouveaux syst\u00e8mes R\u00e9novation, modernisation, optimisation de syst\u00e8mes existants Mise en place de syst\u00e8mes de t\u00e9l\u00e9gestion, supervision. Conception \/ montage \/ c\u00e2blage de coffrets, d&rsquo;armoires, d&rsquo;\u00e9l\u00e9ments \u00e9lectro-m\u00e9caniques Installation \/ mise <a href=\"https:\/\/tim-energie.com\/?page_id=28\"> Read more&#8230;<\/a><\/p>\n","protected":false},"author":1,"featured_media":0,"parent":0,"menu_order":0,"comment_status":"closed","ping_status":"closed","template":"","meta":{"footnotes":""},"_links":{"self":[{"href":"https:\/\/tim-energie.com\/index.php?rest_route=\/wp\/v2\/pages\/28"}],"collection":[{"href":"https:\/\/tim-energie.com\/index.php?rest_route=\/wp\/v2\/pages"}],"about":[{"href":"https:\/\/tim-energie.com\/index.php?rest_route=\/wp\/v2\/types\/page"}],"author":[{"embeddable":true,"href":"https:\/\/tim-energie.com\/index.php?rest_route=\/wp\/v2\/users\/1"}],"replies":[{"embeddable":true,"href":"https:\/\/tim-energie.com\/index.php?rest_route=%2Fwp%2Fv2%2Fcomments&post=28"}],"version-history":[{"count":4,"href":"https:\/\/tim-energie.com\/index.php?rest_route=\/wp\/v2\/pages\/28\/revisions"}],"predecessor-version":[{"id":125,"href":"https:\/\/tim-energie.com\/index.php?rest_route=\/wp\/v2\/pages\/28\/revisions\/125"}],"wp:attachment":[{"href":"https:\/\/tim-energie.com\/index.php?rest_route=%2Fwp%2Fv2%2Fmedia&parent=28"}],"curies":[{"name":"wp","href":"https:\/\/api.w.org\/{rel}","templated":true}]}}