{"id":57,"date":"2017-03-18T13:09:37","date_gmt":"2017-03-18T13:09:37","guid":{"rendered":"http:\/\/tim-energie.com\/?page_id=57"},"modified":"2017-03-19T15:28:17","modified_gmt":"2017-03-19T15:28:17","slug":"references","status":"publish","type":"page","link":"https:\/\/tim-energie.com\/?page_id=57","title":{"rendered":"R\u00e9f\u00e9rences"},"content":{"rendered":"<p>INDUSTRIE<\/p>\n<p>HYDROELECTRICITE<\/p>\n<p>D\u00e9grilleurs hydrauliques<\/p>\n<p>R\u00e9novation d&rsquo;un d\u00e9grileur hydraulique sur rails<\/p>\n<p><a href=\"https:\/\/www.youtube.com\/watch?v=eTzsdgZjtng\">https:\/\/www.youtube.com\/watch?v=eTzsdgZjtng<\/a><\/p>\n<p>&nbsp;<\/p>\n<p>Conception et r\u00e9alisation d&rsquo;un d\u00e9grilleur hydraulique<\/p>\n<p><iframe loading=\"lazy\" width=\"730\" height=\"548\" src=\"https:\/\/www.youtube.com\/embed\/KVYjhBGckfM?feature=oembed\" frameborder=\"0\" allowfullscreen><\/iframe><\/p>\n","protected":false},"excerpt":{"rendered":"<p>INDUSTRIE HYDROELECTRICITE D\u00e9grilleurs hydrauliques R\u00e9novation d&rsquo;un d\u00e9grileur hydraulique sur rails https:\/\/www.youtube.com\/watch?v=eTzsdgZjtng &nbsp; Conception et r\u00e9alisation d&rsquo;un d\u00e9grilleur hydraulique<\/p>\n","protected":false},"author":1,"featured_media":0,"parent":0,"menu_order":0,"comment_status":"closed","ping_status":"closed","template":"","meta":{"footnotes":""},"_links":{"self":[{"href":"https:\/\/tim-energie.com\/index.php?rest_route=\/wp\/v2\/pages\/57"}],"collection":[{"href":"https:\/\/tim-energie.com\/index.php?rest_route=\/wp\/v2\/pages"}],"about":[{"href":"https:\/\/tim-energie.com\/index.php?rest_route=\/wp\/v2\/types\/page"}],"author":[{"embeddable":true,"href":"https:\/\/tim-energie.com\/index.php?rest_route=\/wp\/v2\/users\/1"}],"replies":[{"embeddable":true,"href":"https:\/\/tim-energie.com\/index.php?rest_route=%2Fwp%2Fv2%2Fcomments&post=57"}],"version-history":[{"count":4,"href":"https:\/\/tim-energie.com\/index.php?rest_route=\/wp\/v2\/pages\/57\/revisions"}],"predecessor-version":[{"id":91,"href":"https:\/\/tim-energie.com\/index.php?rest_route=\/wp\/v2\/pages\/57\/revisions\/91"}],"wp:attachment":[{"href":"https:\/\/tim-energie.com\/index.php?rest_route=%2Fwp%2Fv2%2Fmedia&parent=57"}],"curies":[{"name":"wp","href":"https:\/\/api.w.org\/{rel}","templated":true}]}}